{"id":21,"date":"2018-12-07T16:13:30","date_gmt":"2018-12-07T16:13:30","guid":{"rendered":"http:\/\/salaprobbochnia.pl\/?page_id=21"},"modified":"2023-12-14T09:25:24","modified_gmt":"2023-12-14T09:25:24","slug":"kontakt","status":"publish","type":"page","link":"https:\/\/salaprobbochnia.pl\/index.php\/kontakt\/","title":{"rendered":"Kontakt"},"content":{"rendered":"<p><div class=\"fusion-fullwidth fullwidth-box fusion-builder-row-1 fusion-flex-container fusion-parallax-none hundred-percent-fullwidth non-hundred-percent-height-scrolling lazyload\" style=\"--awb-background-position:center top;--awb-border-radius-top-left:0px;--awb-border-radius-top-right:0px;--awb-border-radius-bottom-right:0px;--awb-border-radius-bottom-left:0px;--awb-padding-top:0px;--awb-padding-right:0px;--awb-padding-bottom:0px;--awb-padding-left:0px;--awb-margin-top:0px;--awb-margin-bottom:0px;--awb-background-color:#171717;--awb-background-size:cover;--awb-flex-wrap:wrap;\" data-bg=\"https:\/\/salaprobbochnia.pl\/wp-content\/uploads\/2018\/12\/avadabarbers-about-introbackground.jpg\" ><div class=\"fusion-builder-row fusion-row fusion-flex-align-items-stretch fusion-flex-content-wrap\" style=\"width:calc( 100% + 0px ) !important;max-width:calc( 100% + 0px ) !important;margin-left: calc(-0px \/ 2 );margin-right: calc(-0px \/ 2 );\"><div class=\"fusion-layout-column fusion_builder_column fusion-builder-column-0 fusion_builder_column_1_3 1_3 fusion-flex-column\" style=\"--awb-padding-top:12%;--awb-padding-right:12%;--awb-padding-bottom:12%;--awb-padding-left:12%;--awb-bg-color:rgba(255,255,255,0.05);--awb-bg-color-hover:rgba(255,255,255,0.05);--awb-bg-blend:overlay;--awb-bg-size:cover;--awb-width-large:33.333333333333%;--awb-margin-top-large:0px;--awb-spacing-right-large:0px;--awb-margin-bottom-large:0px;--awb-spacing-left-large:0px;--awb-width-medium:100%;--awb-spacing-right-medium:0px;--awb-spacing-left-medium:0px;--awb-width-small:100%;--awb-spacing-right-small:0px;--awb-spacing-left-small:0px;\"><div class=\"fusion-column-wrapper fusion-flex-justify-content-flex-start fusion-content-layout-column\"><div class=\"fusion-title title fusion-title-1 fusion-sep-none fusion-title-center fusion-title-text fusion-title-size-four\" style=\"--awb-text-color:#e2e2e2;--awb-margin-top-small:0px;--awb-margin-right-small:0px;--awb-margin-bottom-small:20px;--awb-margin-left-small:0px;\"><h4 class=\"fusion-title-heading title-heading-center fusion-responsive-typography-calculated\" style=\"margin:0;--fontSize:32;line-height:1.5;\">Godziny otwarcia<\/h4><\/div><div class=\"fusion-text fusion-text-1\"><p style=\"font-size: 16px; text-align: center; margin-bottom: 0;\"><strong>Ca\u0142y tydzie\u0144 &#8211; wliczaj\u0105c weekendy:<br \/><\/strong><\/p>\n<\/div><div class=\"fusion-text fusion-text-2\"><p style=\"color: #be9359; font-size: 16px; text-align: center;\"><strong>8:00 &#8211; 22:00<br \/><\/strong><\/p>\n<p style=\"color: #be9359; font-size: 16px; text-align: center;\"><span style=\"color: rgb(201, 201, 201);\">(nocne pr\u00f3by zespo\u0142\u00f3w muzycznych s\u0105 <br \/>mo\u017cliwe <\/span><span style=\"color: rgb(201, 201, 201);\">po indywidualnym ustaleniu<\/span><strong>)<br \/><\/strong><\/p>\n<\/div><div class=\"fusion-separator fusion-full-width-sep\" style=\"align-self: center;margin-left: auto;margin-right: auto;margin-bottom:20px;width:100%;\"><div class=\"fusion-separator-border sep-single sep-solid\" style=\"--awb-height:20px;--awb-amount:20px;--awb-sep-color:#3e3e3f;border-color:#3e3e3f;border-top-width:1px;\"><\/div><\/div><div class=\"fusion-title title fusion-title-2 fusion-sep-none fusion-title-center fusion-title-text fusion-title-size-four\" style=\"--awb-text-color:#e2e2e2;--awb-margin-top:60px;--awb-margin-bottom:30px;--awb-margin-top-small:0px;--awb-margin-right-small:0px;--awb-margin-bottom-small:20px;--awb-margin-left-small:0px;\"><h4 class=\"fusion-title-heading title-heading-center fusion-responsive-typography-calculated\" style=\"margin:0;--fontSize:32;line-height:1.5;\">Dane kontaktowe<\/h4><\/div><div class=\"fusion-image-element \" style=\"text-align:center;--awb-caption-title-font-family:var(--h2_typography-font-family);--awb-caption-title-font-weight:var(--h2_typography-font-weight);--awb-caption-title-font-style:var(--h2_typography-font-style);--awb-caption-title-size:var(--h2_typography-font-size);--awb-caption-title-transform:var(--h2_typography-text-transform);--awb-caption-title-line-height:var(--h2_typography-line-height);--awb-caption-title-letter-spacing:var(--h2_typography-letter-spacing);\"><span class=\" fusion-imageframe imageframe-none imageframe-1 hover-type-none\"><img decoding=\"async\" width=\"146\" height=\"160\" title=\"sala-prob-w-bochni-wynajem-dla-muzykow\" src=\"data:image\/svg+xml,%3Csvg%20xmlns%3D%27http%3A%2F%2Fwww.w3.org%2F2000%2Fsvg%27%20width%3D%27146%27%20height%3D%27160%27%20viewBox%3D%270%200%20146%20160%27%3E%3Crect%20width%3D%27146%27%20height%3D%27160%27%20fill-opacity%3D%220%22%2F%3E%3C%2Fsvg%3E\" data-orig-src=\"https:\/\/salaprobbochnia.pl\/wp-content\/uploads\/2021\/11\/sala-prob-w-bochni-wynajem-dla-muzykow.png\" alt class=\"lazyload img-responsive wp-image-1618\"\/><\/span><\/div><div class=\"fusion-text fusion-text-3\"><p style=\"font-size: 16px; text-align: center;\">Bochnia, ul. Wojska Polskiego 8<\/p>\n<p style=\"font-size: 16px; text-align: center;\">Link <i>Google<\/i> Maps:<br \/>\n<a href=\"https:\/\/goo.gl\/maps\/i7o1yLFpzQPffy4e6\">https:\/\/goo.gl\/maps\/i7o1yLFpzQPffy4e6<\/a><\/p>\n<p style=\"font-size: 22px; color: #be9359; text-align: center;\"><strong><a href=\"tel:785775389\">+48 <i>785 &#8211; 775 &#8211; 389<br \/>\n<\/i><\/a><\/strong><\/p>\n<p style=\"font-size: 16px; color: #ffffff; text-align: center;\"><u>bochniasalaprob@gmail.com<\/u><\/p>\n<p style=\"text-align: center;\"><a href=\"https:\/\/facebook.com\/wp8bochnia\">facebook.com\/wp8bochnia<\/a><\/p>\n<\/div><div class=\"fusion-social-links fusion-social-links-1\" style=\"--awb-margin-top:0px;--awb-margin-right:0px;--awb-margin-bottom:0px;--awb-margin-left:0px;--awb-alignment:center;--awb-box-border-top:0px;--awb-box-border-right:0px;--awb-box-border-bottom:0px;--awb-box-border-left:0px;--awb-icon-colors-hover:rgba(107,107,107,0.8);--awb-box-colors-hover:rgba(232,232,232,0.8);--awb-box-border-color:var(--awb-color3);--awb-box-border-color-hover:var(--awb-color4);\"><div class=\"fusion-social-networks color-type-custom\"><div class=\"fusion-social-networks-wrapper\"><a class=\"fusion-social-network-icon fusion-tooltip fusion-facebook awb-icon-facebook\" style=\"color:#6b6b6b;font-size:16px;\" data-placement=\"bottom\" data-title=\"Facebook\" data-toggle=\"tooltip\" title=\"Facebook\" aria-label=\"facebook\" target=\"_blank\" rel=\"noopener noreferrer\" href=\"https:\/\/www.facebook.com\/wp8bochnia\"><\/a><\/div><\/div><\/div><\/div><\/div><div class=\"fusion-layout-column fusion_builder_column fusion-builder-column-1 fusion_builder_column_2_3 2_3 fusion-flex-column fusion-flex-align-self-flex-start fusion-column-no-min-height\" style=\"--awb-padding-top:6%;--awb-padding-right:12%;--awb-padding-bottom:9%;--awb-padding-left:12%;--awb-bg-blend:overlay;--awb-bg-size:cover;--awb-width-large:66.666666666667%;--awb-margin-top-large:0px;--awb-spacing-right-large:0px;--awb-margin-bottom-large:0px;--awb-spacing-left-large:0px;--awb-width-medium:100%;--awb-spacing-right-medium:0px;--awb-spacing-left-medium:0px;--awb-width-small:100%;--awb-spacing-right-small:0px;--awb-spacing-left-small:0px;\"><div class=\"fusion-column-wrapper fusion-flex-justify-content-flex-start fusion-content-layout-column\"><div class=\"fusion-separator fusion-no-large-visibility fusion-full-width-sep\" style=\"align-self: center;margin-left: auto;margin-right: auto;margin-top:30px;width:100%;\"><\/div><div class=\"fusion-title title fusion-title-3 fusion-sep-none fusion-title-text fusion-title-size-four\" style=\"--awb-text-color:#e2e2e2;--awb-margin-top-small:0px;--awb-margin-right-small:0px;--awb-margin-bottom-small:20px;--awb-margin-left-small:0px;\"><h4 class=\"fusion-title-heading title-heading-left fusion-responsive-typography-calculated\" style=\"margin:0;--fontSize:32;line-height:1.5;\">Gdzie jest nasza Sala Pr\u00f3b?<\/h4><\/div><div class=\"fusion-text fusion-text-4\"><p>Sala Pr\u00f3b WP8 znajduje si\u0119 w samodzielnym budynku przy ulicy Wojska Polskiego 8 (rejon dworca PKP w Bochni &#8211; patrz mapa poni\u017cej) na przeciwko Powiatowego Urz\u0119du Pracy:<\/p>\n<\/p>\n<p><img decoding=\"async\" src=\"https:\/\/salaprobbochnia.pl\/wp-content\/uploads\/2023\/12\/sala-prob-bochnia-muzycy-zespol-muzyczny.png\" data-orig-src=\"https:\/\/salaprobbochnia.pl\/wp-content\/uploads\/2023\/12\/sala-prob-bochnia-muzycy-zespol-muzyczny.png\" alt=\"\" width=\"734\" height=\"404\" class=\"lazyload alignnone size-full wp-image-1741\" srcset=\"data:image\/svg+xml,%3Csvg%20xmlns%3D%27http%3A%2F%2Fwww.w3.org%2F2000%2Fsvg%27%20width%3D%27734%27%20height%3D%27404%27%20viewBox%3D%270%200%20734%20404%27%3E%3Crect%20width%3D%27734%27%20height%3D%27404%27%20fill-opacity%3D%220%22%2F%3E%3C%2Fsvg%3E\" data-srcset=\"https:\/\/salaprobbochnia.pl\/wp-content\/uploads\/2023\/12\/sala-prob-bochnia-muzycy-zespol-muzyczny-200x110.png 200w, https:\/\/salaprobbochnia.pl\/wp-content\/uploads\/2023\/12\/sala-prob-bochnia-muzycy-zespol-muzyczny-300x165.png 300w, https:\/\/salaprobbochnia.pl\/wp-content\/uploads\/2023\/12\/sala-prob-bochnia-muzycy-zespol-muzyczny-400x220.png 400w, https:\/\/salaprobbochnia.pl\/wp-content\/uploads\/2023\/12\/sala-prob-bochnia-muzycy-zespol-muzyczny-600x330.png 600w, https:\/\/salaprobbochnia.pl\/wp-content\/uploads\/2023\/12\/sala-prob-bochnia-muzycy-zespol-muzyczny.png 734w\" data-sizes=\"auto\" data-orig-sizes=\"(max-width: 734px) 100vw, 734px\" \/><\/p>\n<\/div><div class=\"fusion-title title fusion-title-4 fusion-sep-none fusion-title-text fusion-title-size-four\" style=\"--awb-text-color:#e2e2e2;--awb-margin-top-small:0px;--awb-margin-right-small:0px;--awb-margin-bottom-small:20px;--awb-margin-left-small:0px;\"><h4 class=\"fusion-title-heading title-heading-left fusion-responsive-typography-calculated\" style=\"margin:0;--fontSize:32;line-height:1.5;\">Zarezerwuj pr\u00f3b\u0119 !<\/h4><\/div><div class=\"fusion-text fusion-text-5\"><p>Prosimy o tel\/SMS pod numer: <span style=\"color: rgb(190, 147, 89);\"><a href=\"tel:785775389\">785-775-389<\/a><\/span><\/p>\n<p>Ewentualnie wiadomo\u015b\u0107 e-mail: <span style=\"color: rgb(190, 147, 89);\"><a href=\"mailto:bochniasalaprob@gmail.com\">bochniasalaprob@gmail.com<\/a><\/span><\/p>\n<p><span style=\"color: rgb(190, 147, 89);\"><br \/><\/span><\/p>\n<\/div><div class=\"fusion-separator fusion-full-width-sep\" style=\"align-self: center;margin-left: auto;margin-right: auto;margin-top:20px;margin-bottom:30px;width:100%;\"><\/div><\/div><\/div><\/div><\/div><div class=\"fusion-fullwidth fullwidth-box fusion-builder-row-2 fusion-flex-container hundred-percent-fullwidth non-hundred-percent-height-scrolling\" style=\"--awb-border-radius-top-left:0px;--awb-border-radius-top-right:0px;--awb-border-radius-bottom-right:0px;--awb-border-radius-bottom-left:0px;--awb-padding-right:0px;--awb-padding-left:0px;--awb-flex-wrap:wrap;\" ><div class=\"fusion-builder-row fusion-row fusion-flex-align-items-flex-start fusion-flex-content-wrap\" style=\"width:calc( 100% + 0px ) !important;max-width:calc( 100% + 0px ) !important;margin-left: calc(-0px \/ 2 );margin-right: calc(-0px \/ 2 );\"><div class=\"fusion-layout-column fusion_builder_column fusion-builder-column-2 fusion_builder_column_1_1 1_1 fusion-flex-column\" style=\"--awb-bg-blend:overlay;--awb-bg-size:cover;--awb-width-large:100%;--awb-margin-top-large:0px;--awb-spacing-right-large:0px;--awb-margin-bottom-large:0px;--awb-spacing-left-large:0px;--awb-width-medium:100%;--awb-spacing-right-medium:0px;--awb-spacing-left-medium:0px;--awb-width-small:100%;--awb-spacing-right-small:0px;--awb-spacing-left-small:0px;\"><div class=\"fusion-column-wrapper fusion-flex-justify-content-flex-start fusion-content-layout-column\"><div class=\"fusion-text fusion-text-6\" style=\"--awb-text-transform:none;\"><p><a name=\"googlemap\"><\/a><\/p>\n<\/div><div class=\"shortcode-map fusion-google-map fusion-maps-embed-type\"><iframe width=\"100%\" height=\"400px\" frameborder=\"0\" style=\"border:0\" src=\"https:\/\/www.google.com\/maps\/embed\/v1\/place?key=AIzaSyAZ2A2Jl5uChOVRTM9u_PJpg_exXebati4&language=pl&q=Bochnia+ul.+Wojska+Polskiego+8A&maptype=roadmap&zoom=18\" allowfullscreen><\/iframe><\/div><\/div><\/div><\/div><\/div><\/p>\n","protected":false},"excerpt":{"rendered":"","protected":false},"author":1,"featured_media":0,"parent":0,"menu_order":0,"comment_status":"closed","ping_status":"closed","template":"100-width.php","meta":{"footnotes":""},"class_list":["post-21","page","type-page","status-publish","hentry"],"_links":{"self":[{"href":"https:\/\/salaprobbochnia.pl\/index.php\/wp-json\/wp\/v2\/pages\/21","targetHints":{"allow":["GET"]}}],"collection":[{"href":"https:\/\/salaprobbochnia.pl\/index.php\/wp-json\/wp\/v2\/pages"}],"about":[{"href":"https:\/\/salaprobbochnia.pl\/index.php\/wp-json\/wp\/v2\/types\/page"}],"author":[{"embeddable":true,"href":"https:\/\/salaprobbochnia.pl\/index.php\/wp-json\/wp\/v2\/users\/1"}],"replies":[{"embeddable":true,"href":"https:\/\/salaprobbochnia.pl\/index.php\/wp-json\/wp\/v2\/comments?post=21"}],"version-history":[{"count":43,"href":"https:\/\/salaprobbochnia.pl\/index.php\/wp-json\/wp\/v2\/pages\/21\/revisions"}],"predecessor-version":[{"id":1637,"href":"https:\/\/salaprobbochnia.pl\/index.php\/wp-json\/wp\/v2\/pages\/21\/revisions\/1637"}],"wp:attachment":[{"href":"https:\/\/salaprobbochnia.pl\/index.php\/wp-json\/wp\/v2\/media?parent=21"}],"curies":[{"name":"wp","href":"https:\/\/api.w.org\/{rel}","templated":true}]}}