{"id":19,"date":"2018-12-07T16:12:35","date_gmt":"2018-12-07T16:12:35","guid":{"rendered":"http:\/\/salaprobbochnia.pl\/?page_id=19"},"modified":"2021-11-05T16:46:38","modified_gmt":"2021-11-05T16:46:38","slug":"newsy","status":"publish","type":"page","link":"https:\/\/salaprobbochnia.pl\/index.php\/newsy\/","title":{"rendered":"Newsy"},"content":{"rendered":"<p><div class=\"fusion-fullwidth fullwidth-box fusion-builder-row-1 fusion-flex-container fusion-parallax-none nonhundred-percent-fullwidth non-hundred-percent-height-scrolling lazyload\" style=\"--awb-background-position:center top;--awb-border-radius-top-left:0px;--awb-border-radius-top-right:0px;--awb-border-radius-bottom-right:0px;--awb-border-radius-bottom-left:0px;--awb-padding-top:3%;--awb-padding-bottom:6%;--awb-margin-bottom:0px;--awb-background-color:#171717;--awb-background-size:cover;--awb-flex-wrap:wrap;\" data-bg=\"http:\/\/salaprobbochnia.pl\/wp-content\/uploads\/2018\/12\/avadabarbers-about-introbackground.jpg\" ><div class=\"fusion-builder-row fusion-row fusion-flex-align-items-flex-start fusion-flex-content-wrap\" style=\"max-width:calc( 1140px + 0px );margin-left: calc(-0px \/ 2 );margin-right: calc(-0px \/ 2 );\"><div class=\"fusion-layout-column fusion_builder_column fusion-builder-column-0 fusion_builder_column_1_1 1_1 fusion-flex-column fusion-flex-align-self-flex-start fusion-column-no-min-height\" style=\"--awb-padding-top:40px;--awb-bg-position:center top;--awb-bg-size:cover;--awb-width-large:100%;--awb-margin-top-large:0px;--awb-spacing-right-large:0px;--awb-margin-bottom-large:20px;--awb-spacing-left-large:0px;--awb-width-medium:100%;--awb-spacing-right-medium:0px;--awb-spacing-left-medium:0px;--awb-width-small:100%;--awb-spacing-right-small:0px;--awb-spacing-left-small:0px;\"><div class=\"fusion-column-wrapper fusion-flex-justify-content-center fusion-content-layout-column\"><div class=\"fusion-title title fusion-title-1 fusion-sep-none fusion-title-center fusion-title-text fusion-title-size-three\" style=\"--awb-margin-bottom:40px;--awb-margin-top-small:0px;--awb-margin-right-small:0px;--awb-margin-bottom-small:20px;--awb-margin-left-small:0px;--awb-font-size:70px;\"><h3 class=\"fusion-title-heading title-heading-center fusion-responsive-typography-calculated\" style=\"margin:0;font-size:1em;--fontSize:70;line-height:1.4;\">Najnowsze informacje<\/h3><\/div><\/div><\/div><div class=\"fusion-layout-column fusion_builder_column fusion-builder-column-1 fusion_builder_column_1_1 1_1 fusion-flex-column\" style=\"--awb-bg-size:cover;--awb-width-large:100%;--awb-margin-top-large:0px;--awb-spacing-right-large:0px;--awb-margin-bottom-large:-40px;--awb-spacing-left-large:0px;--awb-width-medium:100%;--awb-spacing-right-medium:0px;--awb-spacing-left-medium:0px;--awb-width-small:100%;--awb-spacing-right-small:0px;--awb-spacing-left-small:0px;\"><div class=\"fusion-column-wrapper fusion-flex-justify-content-flex-start fusion-content-layout-column\"><div class=\"fusion-recent-posts fusion-recent-posts-1 avada-container layout-default layout-columns-3 fusion-recent-posts-center\"><section class=\"fusion-columns columns fusion-columns-3 columns-3\"><article class=\"post fusion-column column col col-lg-4 col-md-4 col-sm-4\"><div class=\"fusion-flexslider fusion-flexslider-loading flexslider flexslider-hover-type-zoomin\"><ul class=\"slides\"><li><a href=\"https:\/\/salaprobbochnia.pl\/index.php\/2025\/02\/18\/teledysk-krecony-w-naszej-sali-prob\/\" aria-label=\"Teledysk kr\u0119cony w naszej sali pr\u00f3b !\" class=\"hover-type-zoomin\"><img decoding=\"async\" width=\"700\" height=\"441\" src=\"https:\/\/salaprobbochnia.pl\/wp-content\/uploads\/2025\/02\/warroza-punk-700x441.png\" class=\"attachment-recent-posts size-recent-posts lazyload\" alt=\"\" srcset=\"data:image\/svg+xml,%3Csvg%20xmlns%3D%27http%3A%2F%2Fwww.w3.org%2F2000%2Fsvg%27%20width%3D%27901%27%20height%3D%27617%27%20viewBox%3D%270%200%20901%20617%27%3E%3Crect%20width%3D%27901%27%20height%3D%27617%27%20fill-opacity%3D%220%22%2F%3E%3C%2Fsvg%3E\" data-orig-src=\"https:\/\/salaprobbochnia.pl\/wp-content\/uploads\/2025\/02\/warroza-punk-700x441.png\" data-srcset=\"https:\/\/salaprobbochnia.pl\/wp-content\/uploads\/2025\/02\/warroza-punk-320x202.png 320w, https:\/\/salaprobbochnia.pl\/wp-content\/uploads\/2025\/02\/warroza-punk-700x441.png 700w\" data-sizes=\"auto\" \/><\/a><\/li><\/ul><\/div><div class=\"recent-posts-content\"><span class=\"vcard\" style=\"display: none;\"><span class=\"fn\"><a href=\"https:\/\/salaprobbochnia.pl\/index.php\/author\/admin\/\" title=\"Wpisy od admin\" rel=\"author\">admin<\/a><\/span><\/span><span class=\"updated\" style=\"display:none;\">2025-02-18T15:06:55+00:00<\/span><h4 class=\"entry-title\"><a href=\"https:\/\/salaprobbochnia.pl\/index.php\/2025\/02\/18\/teledysk-krecony-w-naszej-sali-prob\/\">Teledysk kr\u0119cony w naszej sali pr\u00f3b !<\/a><\/h4><p> To ju\u017c kolejny (2-gi) klip wideo, kt\u00f3ry zosta\u0142 nakr\u0119cony w naszej sali pr\u00f3b !<\/p><\/div><\/article><article class=\"post fusion-column column col col-lg-4 col-md-4 col-sm-4\"><div class=\"fusion-flexslider fusion-flexslider-loading flexslider flexslider-hover-type-zoomin\"><ul class=\"slides\"><li><a href=\"https:\/\/salaprobbochnia.pl\/index.php\/2024\/01\/24\/gruntowny-serwis-techniczny-sprzetu\/\" aria-label=\"Gruntowny serwis techniczny sprz\u0119tu!\" class=\"hover-type-zoomin\"><img decoding=\"async\" width=\"700\" height=\"441\" src=\"https:\/\/salaprobbochnia.pl\/wp-content\/uploads\/2024\/01\/piec-gitarowy-fender-frontman-212r-bochnia-sala-dla-muzykow-700x441.jpeg\" class=\"attachment-recent-posts size-recent-posts lazyload\" alt=\"\" srcset=\"data:image\/svg+xml,%3Csvg%20xmlns%3D%27http%3A%2F%2Fwww.w3.org%2F2000%2Fsvg%27%20width%3D%272016%27%20height%3D%271512%27%20viewBox%3D%270%200%202016%201512%27%3E%3Crect%20width%3D%272016%27%20height%3D%271512%27%20fill-opacity%3D%220%22%2F%3E%3C%2Fsvg%3E\" data-orig-src=\"https:\/\/salaprobbochnia.pl\/wp-content\/uploads\/2024\/01\/piec-gitarowy-fender-frontman-212r-bochnia-sala-dla-muzykow-700x441.jpeg\" data-srcset=\"https:\/\/salaprobbochnia.pl\/wp-content\/uploads\/2024\/01\/piec-gitarowy-fender-frontman-212r-bochnia-sala-dla-muzykow-320x202.jpeg 320w, https:\/\/salaprobbochnia.pl\/wp-content\/uploads\/2024\/01\/piec-gitarowy-fender-frontman-212r-bochnia-sala-dla-muzykow-700x441.jpeg 700w\" data-sizes=\"auto\" \/><\/a><\/li><\/ul><\/div><div class=\"recent-posts-content\"><span class=\"vcard\" style=\"display: none;\"><span class=\"fn\"><a href=\"https:\/\/salaprobbochnia.pl\/index.php\/author\/admin\/\" title=\"Wpisy od admin\" rel=\"author\">admin<\/a><\/span><\/span><span class=\"updated\" style=\"display:none;\">2024-01-24T08:28:27+00:00<\/span><h4 class=\"entry-title\"><a href=\"https:\/\/salaprobbochnia.pl\/index.php\/2024\/01\/24\/gruntowny-serwis-techniczny-sprzetu\/\">Gruntowny serwis techniczny sprz\u0119tu!<\/a><\/h4><p>Mi\u0142o nam poinformowa\u0107, \u017ce zako\u0144czy\u0142 si\u0119 gruntowny serwis sprz\u0119tu, kt\u00f3ry oferuje nasza sala pr\u00f3b! Naprawione<\/p><\/div><\/article><article class=\"post fusion-column column col col-lg-4 col-md-4 col-sm-4\"><div class=\"fusion-flexslider fusion-flexslider-loading flexslider flexslider-hover-type-zoomin\"><ul class=\"slides\"><li><a href=\"https:\/\/salaprobbochnia.pl\/index.php\/2021\/11\/07\/nasze-konto-na-facebook-com\/\" aria-label=\"Nasze konto na Facebook.com\" class=\"hover-type-zoomin\"><img decoding=\"async\" width=\"700\" height=\"441\" src=\"https:\/\/salaprobbochnia.pl\/wp-content\/uploads\/2021\/11\/sala-prob-bochnia-konto-facebook-700x441.jpg\" class=\"attachment-recent-posts size-recent-posts lazyload\" alt=\"\" srcset=\"data:image\/svg+xml,%3Csvg%20xmlns%3D%27http%3A%2F%2Fwww.w3.org%2F2000%2Fsvg%27%20width%3D%272560%27%20height%3D%271440%27%20viewBox%3D%270%200%202560%201440%27%3E%3Crect%20width%3D%272560%27%20height%3D%271440%27%20fill-opacity%3D%220%22%2F%3E%3C%2Fsvg%3E\" data-orig-src=\"https:\/\/salaprobbochnia.pl\/wp-content\/uploads\/2021\/11\/sala-prob-bochnia-konto-facebook-700x441.jpg\" data-srcset=\"https:\/\/salaprobbochnia.pl\/wp-content\/uploads\/2021\/11\/sala-prob-bochnia-konto-facebook-320x202.jpg 320w, https:\/\/salaprobbochnia.pl\/wp-content\/uploads\/2021\/11\/sala-prob-bochnia-konto-facebook-700x441.jpg 700w\" data-sizes=\"auto\" \/><\/a><\/li><\/ul><\/div><div class=\"recent-posts-content\"><span class=\"vcard\" style=\"display: none;\"><span class=\"fn\"><a href=\"https:\/\/salaprobbochnia.pl\/index.php\/author\/admin\/\" title=\"Wpisy od admin\" rel=\"author\">admin<\/a><\/span><\/span><span class=\"updated\" style=\"display:none;\">2024-01-24T08:29:21+00:00<\/span><h4 class=\"entry-title\"><a href=\"https:\/\/salaprobbochnia.pl\/index.php\/2021\/11\/07\/nasze-konto-na-facebook-com\/\">Nasze konto na Facebook.com<\/a><\/h4><p>Aktualizujemy nasz profil na serwisie Facebook.com:\u00a0 facebook.com\/wp8bochnia Je\u015bli jeszcze nas nie polubi\u0142e\u015b\/a\u015b - zapraszamy! Ch\u0119tnie<\/p><\/div><\/article><\/section><\/div><div class=\"fusion-separator fusion-no-small-visibility fusion-no-medium-visibility fusion-full-width-sep\" style=\"align-self: center;margin-left: auto;margin-right: auto;margin-top:40px;width:100%;\"><\/div><div class=\"fusion-separator fusion-no-large-visibility fusion-full-width-sep\" style=\"align-self: center;margin-left: auto;margin-right: auto;margin-top:-50px;width:100%;\"><\/div><div class=\"fusion-recent-posts fusion-recent-posts-2 avada-container layout-default layout-columns-3 fusion-recent-posts-center fusion-recent-posts-infinite fusion-recent-posts-load-more\" data-pages=\"2\"><section class=\"fusion-columns columns fusion-columns-3 columns-3\"><article class=\"post fusion-column column col col-lg-4 col-md-4 col-sm-4\"><div class=\"fusion-flexslider fusion-flexslider-loading flexslider flexslider-hover-type-zoomin\"><ul class=\"slides\"><li><a href=\"https:\/\/salaprobbochnia.pl\/index.php\/2018\/12\/28\/teledysk-skapetarda\/\" aria-label=\"Teledysk SkaPetarda!\" class=\"hover-type-zoomin\"><img decoding=\"async\" width=\"700\" height=\"441\" src=\"https:\/\/salaprobbochnia.pl\/wp-content\/uploads\/2018\/12\/skap87d600-skapetarda-700x441.jpg\" class=\"attachment-recent-posts size-recent-posts lazyload\" alt=\"\" srcset=\"data:image\/svg+xml,%3Csvg%20xmlns%3D%27http%3A%2F%2Fwww.w3.org%2F2000%2Fsvg%27%20width%3D%272300%27%20height%3D%271420%27%20viewBox%3D%270%200%202300%201420%27%3E%3Crect%20width%3D%272300%27%20height%3D%271420%27%20fill-opacity%3D%220%22%2F%3E%3C%2Fsvg%3E\" data-orig-src=\"https:\/\/salaprobbochnia.pl\/wp-content\/uploads\/2018\/12\/skap87d600-skapetarda-700x441.jpg\" data-srcset=\"https:\/\/salaprobbochnia.pl\/wp-content\/uploads\/2018\/12\/skap87d600-skapetarda-320x202.jpg 320w, https:\/\/salaprobbochnia.pl\/wp-content\/uploads\/2018\/12\/skap87d600-skapetarda-700x441.jpg 700w\" data-sizes=\"auto\" \/><\/a><\/li><\/ul><\/div><div class=\"recent-posts-content\"><span class=\"vcard\" style=\"display: none;\"><span class=\"fn\"><a href=\"https:\/\/salaprobbochnia.pl\/index.php\/author\/admin\/\" title=\"Wpisy od admin\" rel=\"author\">admin<\/a><\/span><\/span><span class=\"updated\" style=\"display:none;\">2024-01-24T08:29:35+00:00<\/span><h4 class=\"entry-title\"><a href=\"https:\/\/salaprobbochnia.pl\/index.php\/2018\/12\/28\/teledysk-skapetarda\/\">Teledysk SkaPetarda!<\/a><\/h4><p> W najnowszym teledysku kapeli SkaPetarda pojawia si\u0119 nasza sala pr\u00f3b :) Kto nie widzia\u0142<\/p><\/div><\/article><\/section><div class=\"fusion-infinite-scroll-trigger\"><\/div><div class=\"pagination infinite-scroll clearfix\" style=\"display:none;\"><span class=\"current\">1<\/span><a href=\"https:\/\/salaprobbochnia.pl\/index.php\/wp-json\/wp\/v2\/pages\/19\/page\/2\/\" class=\"inactive\">2<\/a><a class=\"pagination-next\" rel=\"next\" href=\"https:\/\/salaprobbochnia.pl\/index.php\/wp-json\/wp\/v2\/pages\/19\/page\/2\/\"><span class=\"page-text\">Kolejny<\/span><span class=\"page-next\"><\/span><\/a><\/div><div class=\"fusion-clearfix\"><\/div><button class=\"fusion-load-more-button fusion-blog-button fusion-clearfix\">Load More Posts<\/button><\/div><\/div><\/div><\/div><\/div><div class=\"fusion-fullwidth fullwidth-box fusion-builder-row-2 fusion-flex-container nonhundred-percent-fullwidth non-hundred-percent-height-scrolling\" style=\"--awb-border-radius-top-left:0px;--awb-border-radius-top-right:0px;--awb-border-radius-bottom-right:0px;--awb-border-radius-bottom-left:0px;--awb-background-color:#171717;--awb-flex-wrap:wrap;\" ><div class=\"fusion-builder-row fusion-row fusion-flex-align-items-flex-start fusion-flex-content-wrap\" style=\"max-width:1185.6px;margin-left: calc(-4% \/ 2 );margin-right: calc(-4% \/ 2 );\"><div class=\"fusion-layout-column fusion_builder_column fusion-builder-column-2 fusion_builder_column_1_1 1_1 fusion-flex-column\" style=\"--awb-bg-blend:overlay;--awb-bg-size:cover;--awb-width-large:100%;--awb-margin-top-large:0px;--awb-spacing-right-large:1.92%;--awb-margin-bottom-large:0px;--awb-spacing-left-large:1.92%;--awb-width-medium:100%;--awb-spacing-right-medium:1.92%;--awb-spacing-left-medium:1.92%;--awb-width-small:100%;--awb-spacing-right-small:1.92%;--awb-spacing-left-small:1.92%;\"><div class=\"fusion-column-wrapper fusion-flex-justify-content-flex-start fusion-content-layout-column\"><div class=\"fusion-section-separator section-separator bigtriangle fusion-section-separator-1\" style=\"--awb-spacer-height:99px;--awb-svg-margin-left:1.92%;--awb-svg-margin-right:1.92%;--awb-svg-margin-left-medium:1.92%;--awb-svg-margin-right-medium:1.92%;--awb-svg-margin-left-small:1.92%;--awb-svg-margin-right-small:1.92%;--awb-divider-height:99px;--awb-spacer-padding-top:inherit;--awb-sep-padding:0;--awb-svg-padding:0;\"><div class=\"fusion-section-separator-svg\"><svg class=\"fusion-big-triangle-candy\" xmlns=\"http:\/\/www.w3.org\/2000\/svg\" version=\"1.1\" width=\"100%\" height=\"100\" viewBox=\"0 0 100 100\" preserveAspectRatio=\"none\" fill=\"rgba(255,255,255,1)\"><path d=\"M0 100 L50 2 L100 100 Z\"><\/path><\/svg><\/div><div class=\"fusion-section-separator-spacer\"><div class=\"fusion-section-separator-spacer-height\"><\/div><\/div><\/div><\/div><\/div><\/div><\/div><\/p>\n","protected":false},"excerpt":{"rendered":"","protected":false},"author":1,"featured_media":0,"parent":0,"menu_order":0,"comment_status":"closed","ping_status":"closed","template":"100-width.php","meta":{"footnotes":""},"class_list":["post-19","page","type-page","status-publish","hentry"],"_links":{"self":[{"href":"https:\/\/salaprobbochnia.pl\/index.php\/wp-json\/wp\/v2\/pages\/19","targetHints":{"allow":["GET"]}}],"collection":[{"href":"https:\/\/salaprobbochnia.pl\/index.php\/wp-json\/wp\/v2\/pages"}],"about":[{"href":"https:\/\/salaprobbochnia.pl\/index.php\/wp-json\/wp\/v2\/types\/page"}],"author":[{"embeddable":true,"href":"https:\/\/salaprobbochnia.pl\/index.php\/wp-json\/wp\/v2\/users\/1"}],"replies":[{"embeddable":true,"href":"https:\/\/salaprobbochnia.pl\/index.php\/wp-json\/wp\/v2\/comments?post=19"}],"version-history":[{"count":3,"href":"https:\/\/salaprobbochnia.pl\/index.php\/wp-json\/wp\/v2\/pages\/19\/revisions"}],"predecessor-version":[{"id":1386,"href":"https:\/\/salaprobbochnia.pl\/index.php\/wp-json\/wp\/v2\/pages\/19\/revisions\/1386"}],"wp:attachment":[{"href":"https:\/\/salaprobbochnia.pl\/index.php\/wp-json\/wp\/v2\/media?parent=19"}],"curies":[{"name":"wp","href":"https:\/\/api.w.org\/{rel}","templated":true}]}}